{"id":183,"date":"2023-04-04T15:13:00","date_gmt":"2023-04-04T15:13:00","guid":{"rendered":"https:\/\/www.pgl.nu\/wp\/?page_id=183"},"modified":"2024-03-18T16:18:22","modified_gmt":"2024-03-18T16:18:22","slug":"nieuwsbrief","status":"publish","type":"page","link":"https:\/\/www.pgl.nu\/wp\/?page_id=183","title":{"rendered":"Nieuwsbrief &#8217;t Klumpke"},"content":{"rendered":"Leden worden uitgenodigd te schrijven over hun interesse en passie voor pomologie. Die ervaringen staan in de nieuwsbrief &#8217;t Klumpke. De eerste is gepubliceerd in december 1997, \u00e9\u00e9n jaar voor de offici\u00eble oprichting. De tweede volgt een jaar later en tot 2004 komt de nieuwsbrief onregelmatig uit.In 2004 krijgt de nieuwsbrief haar huidige naam&nbsp; \u2019t Klumpke en verschijnt sindsdien als <a href=\"https:\/\/www.pgl.nu\/wp\/?page_id=183\" class=\"more-link\">60<\/a>","protected":false},"excerpt":{"rendered":"<p>Leden worden uitgenodigd te schrijven over hun interesse en passie voor pomologie. Die ervaringen staan in de nieuwsbrief &#8217;t Klumpke. De eerste is gepubliceerd in december 1997, \u00e9\u00e9n jaar voor de offici\u00eble oprichting. De tweede volgt een jaar later en tot 2004 komt de nieuwsbrief onregelmatig uit.In 2004 krijgt de nieuwsbrief haar huidige naam&nbsp; \u2019t [&hellip;]<\/p>\n","protected":false},"author":1,"featured_media":0,"parent":0,"menu_order":0,"comment_status":"closed","ping_status":"closed","template":"full-width-page.php","meta":{"_editorskit_title_hidden":false,"_editorskit_reading_time":0,"_editorskit_is_block_options_detached":false,"_editorskit_block_options_position":"{}","_uag_custom_page_level_css":"","footnotes":""},"class_list":["post-183","page","type-page","status-publish","hentry"],"uagb_featured_image_src":{"full":false,"thumbnail":false,"medium":false,"medium_large":false,"large":false,"1536x1536":false,"2048x2048":false,"post-thumbnail":false,"apostrophe-featured":false,"apostrophe-mini":false,"apostrophe-gallery":false,"apostrophe-logo":false},"uagb_author_info":{"display_name":"beheer","author_link":"https:\/\/www.pgl.nu\/wp\/?author=1"},"uagb_comment_info":0,"uagb_excerpt":"Leden worden uitgenodigd te schrijven over hun interesse en passie voor pomologie. Die ervaringen staan in de nieuwsbrief &#8217;t Klumpke. De eerste is gepubliceerd in december 1997, \u00e9\u00e9n jaar voor de offici\u00eble oprichting. De tweede volgt een jaar later en tot 2004 komt de nieuwsbrief onregelmatig uit.In 2004 krijgt de nieuwsbrief haar huidige naam&nbsp; \u2019t&hellip;","_links":{"self":[{"href":"https:\/\/www.pgl.nu\/wp\/index.php?rest_route=\/wp\/v2\/pages\/183","targetHints":{"allow":["GET"]}}],"collection":[{"href":"https:\/\/www.pgl.nu\/wp\/index.php?rest_route=\/wp\/v2\/pages"}],"about":[{"href":"https:\/\/www.pgl.nu\/wp\/index.php?rest_route=\/wp\/v2\/types\/page"}],"author":[{"embeddable":true,"href":"https:\/\/www.pgl.nu\/wp\/index.php?rest_route=\/wp\/v2\/users\/1"}],"replies":[{"embeddable":true,"href":"https:\/\/www.pgl.nu\/wp\/index.php?rest_route=%2Fwp%2Fv2%2Fcomments&post=183"}],"version-history":[{"count":11,"href":"https:\/\/www.pgl.nu\/wp\/index.php?rest_route=\/wp\/v2\/pages\/183\/revisions"}],"predecessor-version":[{"id":715,"href":"https:\/\/www.pgl.nu\/wp\/index.php?rest_route=\/wp\/v2\/pages\/183\/revisions\/715"}],"wp:attachment":[{"href":"https:\/\/www.pgl.nu\/wp\/index.php?rest_route=%2Fwp%2Fv2%2Fmedia&parent=183"}],"curies":[{"name":"wp","href":"https:\/\/api.w.org\/{rel}","templated":true}]}}